{"id":2187,"date":"2025-04-08T03:51:11","date_gmt":"2025-04-08T03:51:11","guid":{"rendered":"https:\/\/stockholm.diamondleague.com\/about\/stadion\/worls-records-at-stockholm-olympic-stadium\/"},"modified":"2025-04-10T19:24:54","modified_gmt":"2025-04-10T19:24:54","slug":"world-records-at-stockholm-olympic-stadium","status":"publish","type":"page","link":"https:\/\/stockholm.diamondleague.com\/en\/about\/stadion\/world-records-at-stockholm-olympic-stadium\/","title":{"rendered":"World records at Stockholm Olympic Stadium"},"content":{"rendered":"\n<figure class=\"wp-block-table is-style-stripes\"><table><tbody><tr><td>1997<\/td><td>800m<\/td><td>Wilson Kipketer, DEN<\/td><td>(eq) 1.41.73<\/td><\/tr><tr><td>1993<\/td><td>10000m<\/td><td>Richard Chelimo, KEN<\/td><td>27.07.91<\/td><\/tr><tr><td>1990<\/td><td>Javelin<\/td><td>Steve Backley, GBR<\/td><td>89.58<\/td><\/tr><tr><td>1989<\/td><td>3000m Steeplechase<\/td><td>Peter Koech, KEN<\/td><td>8.05.35<\/td><\/tr><tr><td>1987<\/td><td>High Jump<\/td><td>Patrik Sj\u00f6berg, SWE<\/td><td>2.42<\/td><\/tr><tr><td>1986<\/td><td>5000m women<\/td><td>Ingrid Kristiansen, NOR<\/td><td>14.37.33<\/td><\/tr><tr><td>1984<\/td><td>10000m<\/td><td>Fernando Mamede, POR<\/td><td>27.13.81<\/td><\/tr><tr><td>1977<\/td><td>5000m<\/td><td>Dick Quax, NZL<\/td><td>13.12.9<\/td><\/tr><tr><td>1975<\/td><td>3000m Steeplechase<\/td><td>Anders G\u00e4rderud, SWE<\/td><td>8.09.8<\/td><\/tr><tr><td>1972<\/td><td>2 miles<\/td><td>Lasse Vir\u00e9n, FIN<\/td><td>8.14.0<\/td><\/tr><tr><td>1972<\/td><td>Javelin<\/td><td>Janis Lusis, URS<\/td><td>93.80<\/td><\/tr><tr><td>1972<\/td><td>Discus<\/td><td>Richard Bruch, SWE<\/td><td>(eg) 68.40<\/td><\/tr><tr><td>1968<\/td><td>3000m Steeplechase<\/td><td>Jouko Kuha, FIN<\/td><td>8.24.2<\/td><\/tr><tr><td>1967<\/td><td>880yards women<\/td><td>Judy Pollock, AUS<\/td><td>(eq) 2.02.0<\/td><\/tr><tr><td>1966<\/td><td>5000m<\/td><td>Ron Clarke, AUS<\/td><td>13.16.6<\/td><\/tr><tr><td>1966<\/td><td>3 miles<\/td><td>Ron Clarke, AUS<\/td><td>12.50.4<\/td><\/tr><tr><td>1961<\/td><td>3 miles<\/td><td>Murray Halberg, NZL<\/td><td>13.10.0<\/td><\/tr><tr><td>1949<\/td><td>4&#215;1 mile<\/td><td>Gefle IF, SWE<\/td><td>16.42.8<\/td><\/tr><tr><td>1946<\/td><td>4x800m<\/td><td>SWE<\/td><td>7.29.0<\/td><\/tr><tr><td>1945<\/td><td>880yards women<\/td><td>Anna Larsson, SWE<\/td><td>2.15.6<\/td><\/tr><tr><td>1945<\/td><td>800m women<\/td><td>Anna Larsson, SWE<\/td><td>2.13.8<\/td><\/tr><tr><td>1944<\/td><td>2 miles<\/td><td>Gunder H\u00e4gg, SWE<\/td><td>8.42.8<\/td><\/tr><tr><td>1944<\/td><td>2 miles walk<\/td><td>Verner Hardmo, SWE<\/td><td>13.00.8<\/td><\/tr><tr><td>1943<\/td><td>3000m walk<\/td><td>Verner Hardmo, SWE<\/td><td>12.02.2<\/td><\/tr><tr><td>1942<\/td><td>3 miles<\/td><td>Gunder H\u00e4gg, SWE<\/td><td>13.35.4<\/td><\/tr><tr><td>1942<\/td><td>1 mile<\/td><td>Gunder H\u00e4gg, SWE<\/td><td>4.04.6<\/td><\/tr><tr><td>1942<\/td><td>3000m<\/td><td>Gunder H\u00e4gg, SWE<\/td><td>8.01.2<\/td><\/tr><tr><td>1942<\/td><td>1500m<\/td><td>Gunder H\u00e4gg, SWE<\/td><td>3.45.8<\/td><\/tr><tr><td>1942<\/td><td>1 mile<\/td><td>Arne Andersson, SWE<\/td><td>4.06.2<\/td><\/tr><tr><td>1942<\/td><td>2 miles<\/td><td>Gunder H\u00e4gg, SWE<\/td><td>8.47.8<\/td><\/tr><tr><td>1941<\/td><td>4&#215;1 mile<\/td><td>Brandk\u00e5rens IK , SWE<\/td><td>17.02.8<\/td><\/tr><tr><td>1941<\/td><td>1500m<\/td><td>Gunder H\u00e4gg, SWE<\/td><td>3.47.6<\/td><\/tr><tr><td>1940<\/td><td>3000m<\/td><td>Henry Jonsson (K\u00e4larne), SWE<\/td><td>8.09.0<\/td><\/tr><tr><td>1938<\/td><td>Hammer<\/td><td>Erwin Blask, GER<\/td><td>59.00<\/td><\/tr><tr><td>1937<\/td><td>2000m<\/td><td>Henry Jonsson (K\u00e4larne), SWE<\/td><td>5.18.4<\/td><\/tr><tr><td>1936<\/td><td>2 miles<\/td><td>Gunnar H\u00f6ckert, FIN<\/td><td>8.57.4<\/td><\/tr><tr><td>1936<\/td><td>3000m<\/td><td>Gunnar H\u00f6ckert, FIN<\/td><td>8.14.8<\/td><\/tr><tr><td>1936<\/td><td>800m<\/td><td>Glen Cunningham, USA<\/td><td>1.49.7<\/td><\/tr><tr><td>1934<\/td><td>400m Hurdles<\/td><td>Glenn Hardin, USA<\/td><td>50.6<\/td><\/tr><tr><td>1934<\/td><td>110m Hurdles<\/td><td>Percy Beard, USA<\/td><td>14.3<\/td><\/tr><tr><td>1934<\/td><td>500m<\/td><td>Benjamin Eastman, USA<\/td><td>1.02.8<\/td><\/tr><tr><td>1934<\/td><td>3000m<\/td><td>Henry Nielsen, DEN<\/td><td>8.18.4<\/td><\/tr><tr><td>1930<\/td><td>20000m<\/td><td>Paavo Nurmi, FIN<\/td><td>1.04.38.4<\/td><\/tr><tr><td>1930<\/td><td>80m Hurdles women<\/td><td>Maj Jacobsson, SWE<\/td><td>12.1<\/td><\/tr><tr><td>1929<\/td><td>120yards Hurdles<\/td><td>Eric Wennstr\u00f6m, SWE<\/td><td>14.4<\/td><\/tr><tr><td>1929<\/td><td>110m Hurdles<\/td><td>Eric Wennstr\u00f6m, SWE<\/td><td>14.4<\/td><\/tr><tr><td>1929<\/td><td>100m<\/td><td>Edward &#8220;Eddie&#8221; Tolan, USA<\/td><td>(eq) 10.4<\/td><\/tr><tr><td>1928<\/td><td>Javelin<\/td><td>Eric Lundqvist, SWE<\/td><td>71.01<\/td><\/tr><tr><td>1928<\/td><td>800m women<\/td><td>Inga Gentzel, SWE<\/td><td>2.20.4<\/td><\/tr><tr><td>1927<\/td><td>110m Hurdles<\/td><td>Sten Petterson, SWE<\/td><td>(eq) 14.8<\/td><\/tr><tr><td>1926<\/td><td>60m women<\/td><td>Marguerite Radideau, FR\u00a4<\/td><td>(eq) 7.6<\/td><\/tr><tr><td>1926<\/td><td>3000m<\/td><td>Paavo Nurmi, FIN<\/td><td>8.20.4<\/td><\/tr><tr><td>1926<\/td><td>4x1500m<\/td><td>Turun Urhheiluliitto Turku, FIN<\/td><td>16.26.6<\/td><\/tr><tr><td>1925<\/td><td>2000m<\/td><td>Edvin Wide, SWE<\/td><td>5.26.0<\/td><\/tr><tr><td>1925<\/td><td>20000m<\/td><td>V\u00fein\u0161 Sipil\u00fe, FIN<\/td><td>1.06.29.0<\/td><\/tr><tr><td>1923<\/td><td>3 miles<\/td><td>Paavo Nurmi, FIN<\/td><td>14.11.2<\/td><\/tr><tr><td>1923<\/td><td>1 mile<\/td><td>Paavo Nurmi, FIN<\/td><td>4.10.4<\/td><\/tr><tr><td>1923<\/td><td>1500m<\/td><td>Paavo Nurmi, FIN<\/td><td>3.53.0<\/td><\/tr><tr><td>1922<\/td><td>5000m<\/td><td>Paavo Nurmi, FIN<\/td><td>14.35.3<\/td><\/tr><tr><td>1922<\/td><td>500m<\/td><td>Sven Lundgren, SWE<\/td><td>1.05.5<\/td><\/tr><tr><td>1922<\/td><td>1000m<\/td><td>Sven Lundgren, SWE<\/td><td>2.28.6<\/td><\/tr><tr><td>1921<\/td><td>10000m<\/td><td>Paavo Nurmi, FIN<\/td><td>30.40.2<\/td><\/tr><tr><td>1920<\/td><td>100m<\/td><td>Jackson Scholz, USA<\/td><td>(eq) 10.6<\/td><\/tr><tr><td>1919<\/td><td>4x1500m<\/td><td>IK G\u0161ta, SWE<\/td><td>16.40.2<\/td><\/tr><tr><td>1919<\/td><td>Javelin<\/td><td>Jonni Myyr\u00fe, FIN<\/td><td>66.10<\/td><\/tr><tr><td>1918<\/td><td>3000m<\/td><td>John Zander, SWE<\/td><td>8.33.2<\/td><\/tr><tr><td>1918<\/td><td>2000m<\/td><td>John Zander, SWE<\/td><td>5.30.4<\/td><\/tr><tr><td>1918<\/td><td>1000m<\/td><td>Anatole Bolin, SWE<\/td><td>2.29.1<\/td><\/tr><tr><td>1917<\/td><td>1500m<\/td><td>John Zander, SWE<\/td><td>3.54.7<\/td><\/tr><tr><td>1913<\/td><td>15000m<\/td><td>Jean Bouin, FRA<\/td><td>47.18.6<\/td><\/tr><tr><td>1913<\/td><td>1 hour<\/td><td>Jean Bouin, FRA<\/td><td>19021.9m<\/td><\/tr><tr><td>1912<\/td><td>4x400m<\/td><td>USA<\/td><td>3.16.6<\/td><\/tr><tr><td>1912<\/td><td>400m<\/td><td>Charles Reidpath, USA<\/td><td>48.2<\/td><\/tr><tr><td>1912<\/td><td>3000m<\/td><td>Hannes Kolehmainen, FIN<\/td><td>8.36.9<\/td><\/tr><tr><td>1912<\/td><td>10000m walk<\/td><td>George Goulding, CAN<\/td><td>46.28.4<\/td><\/tr><tr><td>1912<\/td><td>5000m<\/td><td>Hannes Kolehmainen,FIN<\/td><td>14.36.6<\/td><\/tr><tr><td>1912<\/td><td>880yards<\/td><td>James (Ted) Meredith, USA<\/td><td>1.51.9<\/td><\/tr><tr><td>1912<\/td><td>800m<\/td><td>James (Ted) Meredith, USA<\/td><td>1.52.5<\/td><\/tr><tr><td>1912<\/td><td>4x100m<\/td><td>Germany<\/td><td>42.3<\/td><\/tr><tr><td>1912<\/td><td>100m<\/td><td>Donald Lippincott, USA<\/td><td>10.6<\/td><\/tr><tr><td>1912<\/td><td>Javelin<\/td><td>Eric lemming, SWE<\/td><td>62.32<\/td><\/tr><tr><td>1912<\/td><td>10000m<\/td><td>Hannes Kolehmainen, FIN<\/td><td>31.20.8<\/td><\/tr><\/tbody><\/table><\/figure>\n","protected":false},"excerpt":{"rendered":"<p>1997 800m Wilson Kipketer, DEN (eq) 1.41.73 1993 10000m Richard Chelimo, KEN 27.07.91 1990...","protected":false},"author":74,"featured_media":0,"parent":2175,"menu_order":0,"comment_status":"closed","ping_status":"closed","template":"","meta":{"_acf_changed":false,"footnotes":""},"city":[],"class_list":["post-2187","page","type-page","status-publish","hentry"],"acf":[],"_links":{"self":[{"href":"https:\/\/stockholm.diamondleague.com\/en\/wp-json\/wp\/v2\/pages\/2187","targetHints":{"allow":["GET"]}}],"collection":[{"href":"https:\/\/stockholm.diamondleague.com\/en\/wp-json\/wp\/v2\/pages"}],"about":[{"href":"https:\/\/stockholm.diamondleague.com\/en\/wp-json\/wp\/v2\/types\/page"}],"author":[{"embeddable":true,"href":"https:\/\/stockholm.diamondleague.com\/en\/wp-json\/wp\/v2\/users\/74"}],"replies":[{"embeddable":true,"href":"https:\/\/stockholm.diamondleague.com\/en\/wp-json\/wp\/v2\/comments?post=2187"}],"version-history":[{"count":2,"href":"https:\/\/stockholm.diamondleague.com\/en\/wp-json\/wp\/v2\/pages\/2187\/revisions"}],"predecessor-version":[{"id":2200,"href":"https:\/\/stockholm.diamondleague.com\/en\/wp-json\/wp\/v2\/pages\/2187\/revisions\/2200"}],"up":[{"embeddable":true,"href":"https:\/\/stockholm.diamondleague.com\/en\/wp-json\/wp\/v2\/pages\/2175"}],"wp:attachment":[{"href":"https:\/\/stockholm.diamondleague.com\/en\/wp-json\/wp\/v2\/media?parent=2187"}],"wp:term":[{"taxonomy":"city","embeddable":true,"href":"https:\/\/stockholm.diamondleague.com\/en\/wp-json\/wp\/v2\/city?post=2187"}],"curies":[{"name":"wp","href":"https:\/\/api.w.org\/{rel}","templated":true}]}}